{"id":103,"date":"2018-05-27T13:17:09","date_gmt":"2018-05-27T11:17:09","guid":{"rendered":"http:\/\/dev003.buntepalette-gmbh.de\/?page_id=103"},"modified":"2018-05-27T15:32:27","modified_gmt":"2018-05-27T13:32:27","slug":"waermedaemmung","status":"publish","type":"page","link":"https:\/\/buntepalette-gmbh.de\/?page_id=103","title":{"rendered":"W\u00e4rmed\u00e4mmung"},"content":{"rendered":"<p>W\u00e4rmed\u00e4mmung ist Umweltschutz! Die W\u00e4rmed\u00e4mmung ist eine Investition die Kosten und Folgekosten senkt. Es ergeben sich Energieeinsparungen beim Heizen bzw. K\u00fchlen bis 60%. Auch zum gesunden und behaglichen Wohnen tr\u00e4gt W\u00e4rmed\u00e4mmung entscheidend bei. Temperatureinfl\u00fcsse  <a href=\"https:\/\/buntepalette-gmbh.de\/?page_id=103\" title=\"Read more on W\u00e4rmed\u00e4mmung\" class=\"more-link\">read more<\/a><\/p>\n","protected":false},"excerpt":{"rendered":"<p>W\u00e4rmed\u00e4mmung ist Umweltschutz! Die W\u00e4rmed\u00e4mmung ist eine Investition die Kosten und Folgekosten senkt. Es ergeben sich Energieeinsparungen beim Heizen bzw. K\u00fchlen bis 60%. Auch zum gesunden und behaglichen Wohnen tr\u00e4gt W\u00e4rmed\u00e4mmung entscheidend bei. Temperatureinfl\u00fcsse read more<\/p>\n","protected":false},"author":1,"featured_media":0,"parent":0,"menu_order":0,"comment_status":"closed","ping_status":"closed","template":"","meta":{"ngg_post_thumbnail":0,"footnotes":""},"class_list":["post-103","page","type-page","status-publish","hentry","no-thumb"],"_links":{"self":[{"href":"https:\/\/buntepalette-gmbh.de\/index.php?rest_route=\/wp\/v2\/pages\/103","targetHints":{"allow":["GET"]}}],"collection":[{"href":"https:\/\/buntepalette-gmbh.de\/index.php?rest_route=\/wp\/v2\/pages"}],"about":[{"href":"https:\/\/buntepalette-gmbh.de\/index.php?rest_route=\/wp\/v2\/types\/page"}],"author":[{"embeddable":true,"href":"https:\/\/buntepalette-gmbh.de\/index.php?rest_route=\/wp\/v2\/users\/1"}],"replies":[{"embeddable":true,"href":"https:\/\/buntepalette-gmbh.de\/index.php?rest_route=%2Fwp%2Fv2%2Fcomments&post=103"}],"version-history":[{"count":1,"href":"https:\/\/buntepalette-gmbh.de\/index.php?rest_route=\/wp\/v2\/pages\/103\/revisions"}],"predecessor-version":[{"id":104,"href":"https:\/\/buntepalette-gmbh.de\/index.php?rest_route=\/wp\/v2\/pages\/103\/revisions\/104"}],"wp:attachment":[{"href":"https:\/\/buntepalette-gmbh.de\/index.php?rest_route=%2Fwp%2Fv2%2Fmedia&parent=103"}],"curies":[{"name":"wp","href":"https:\/\/api.w.org\/{rel}","templated":true}]}}