{"id":220,"date":"2018-05-27T15:46:07","date_gmt":"2018-05-27T13:46:07","guid":{"rendered":"http:\/\/dev003.buntepalette-gmbh.de\/?page_id=220"},"modified":"2018-06-11T07:45:02","modified_gmt":"2018-06-11T05:45:02","slug":"agb","status":"publish","type":"page","link":"https:\/\/buntepalette-gmbh.de\/?page_id=220","title":{"rendered":"Haftungsausschluss"},"content":{"rendered":"<p>Haftung f\u00fcr Inhalte Als Diensteanbieter sind wir gem\u00e4\u00df \u00a7 7 Abs.1 TMG f\u00fcr eigene Inhalte auf diesen Seiten nach den allgemeinen Gesetzen verantwortlich. Nach \u00a7\u00a7 8 bis 10 TMG sind wir als Diensteanbieter jedoch nicht verpflichtet, \u00fcbermittelte oder gespeicherte fremde Inf <a href=\"https:\/\/buntepalette-gmbh.de\/?page_id=220\" title=\"Read more on Haftungsausschluss\" class=\"more-link\">read more<\/a><\/p>\n","protected":false},"excerpt":{"rendered":"<p>Haftung f\u00fcr Inhalte Als Diensteanbieter sind wir gem\u00e4\u00df \u00a7 7 Abs.1 TMG f\u00fcr eigene Inhalte auf diesen Seiten nach den allgemeinen Gesetzen verantwortlich. Nach \u00a7\u00a7 8 bis 10 TMG sind wir als Diensteanbieter jedoch nicht verpflichtet, \u00fcbermittelte oder gespeicherte fremde Inf read more<\/p>\n","protected":false},"author":1,"featured_media":0,"parent":0,"menu_order":0,"comment_status":"closed","ping_status":"closed","template":"","meta":{"ngg_post_thumbnail":0,"footnotes":""},"class_list":["post-220","page","type-page","status-publish","hentry","no-thumb"],"_links":{"self":[{"href":"https:\/\/buntepalette-gmbh.de\/index.php?rest_route=\/wp\/v2\/pages\/220","targetHints":{"allow":["GET"]}}],"collection":[{"href":"https:\/\/buntepalette-gmbh.de\/index.php?rest_route=\/wp\/v2\/pages"}],"about":[{"href":"https:\/\/buntepalette-gmbh.de\/index.php?rest_route=\/wp\/v2\/types\/page"}],"author":[{"embeddable":true,"href":"https:\/\/buntepalette-gmbh.de\/index.php?rest_route=\/wp\/v2\/users\/1"}],"replies":[{"embeddable":true,"href":"https:\/\/buntepalette-gmbh.de\/index.php?rest_route=%2Fwp%2Fv2%2Fcomments&post=220"}],"version-history":[{"count":2,"href":"https:\/\/buntepalette-gmbh.de\/index.php?rest_route=\/wp\/v2\/pages\/220\/revisions"}],"predecessor-version":[{"id":231,"href":"https:\/\/buntepalette-gmbh.de\/index.php?rest_route=\/wp\/v2\/pages\/220\/revisions\/231"}],"wp:attachment":[{"href":"https:\/\/buntepalette-gmbh.de\/index.php?rest_route=%2Fwp%2Fv2%2Fmedia&parent=220"}],"curies":[{"name":"wp","href":"https:\/\/api.w.org\/{rel}","templated":true}]}}