{"id":222,"date":"2018-05-27T15:47:06","date_gmt":"2018-05-27T13:47:06","guid":{"rendered":"http:\/\/dev003.buntepalette-gmbh.de\/?page_id=222"},"modified":"2018-05-27T15:47:06","modified_gmt":"2018-05-27T13:47:06","slug":"datenschutzerklaerung","status":"publish","type":"page","link":"https:\/\/buntepalette-gmbh.de\/?page_id=222","title":{"rendered":"Datenschutzerkl\u00e4rung"},"content":{"rendered":"<p>Datenschutzerkl\u00e4rung Allgemeiner Hinweis und Pflichtinformationen Benennung der verantwortlichen Stelle Die verantwortliche Stelle f\u00fcr die Datenverarbeitung auf dieser Website ist: BuntePalette GmbH Joachim D\u00fcwel Schweriner-Stra\u00dfe 43 18069 Rostock Die verantwortliche St <a href=\"https:\/\/buntepalette-gmbh.de\/?page_id=222\" title=\"Read more on Datenschutzerkl\u00e4rung\" class=\"more-link\">read more<\/a><\/p>\n","protected":false},"excerpt":{"rendered":"<p>Datenschutzerkl\u00e4rung Allgemeiner Hinweis und Pflichtinformationen Benennung der verantwortlichen Stelle Die verantwortliche Stelle f\u00fcr die Datenverarbeitung auf dieser Website ist: BuntePalette GmbH Joachim D\u00fcwel Schweriner-Stra\u00dfe 43 18069 Rostock Die verantwortliche St read more<\/p>\n","protected":false},"author":1,"featured_media":0,"parent":0,"menu_order":0,"comment_status":"closed","ping_status":"closed","template":"","meta":{"ngg_post_thumbnail":0,"footnotes":""},"class_list":["post-222","page","type-page","status-publish","hentry","no-thumb"],"_links":{"self":[{"href":"https:\/\/buntepalette-gmbh.de\/index.php?rest_route=\/wp\/v2\/pages\/222","targetHints":{"allow":["GET"]}}],"collection":[{"href":"https:\/\/buntepalette-gmbh.de\/index.php?rest_route=\/wp\/v2\/pages"}],"about":[{"href":"https:\/\/buntepalette-gmbh.de\/index.php?rest_route=\/wp\/v2\/types\/page"}],"author":[{"embeddable":true,"href":"https:\/\/buntepalette-gmbh.de\/index.php?rest_route=\/wp\/v2\/users\/1"}],"replies":[{"embeddable":true,"href":"https:\/\/buntepalette-gmbh.de\/index.php?rest_route=%2Fwp%2Fv2%2Fcomments&post=222"}],"version-history":[{"count":1,"href":"https:\/\/buntepalette-gmbh.de\/index.php?rest_route=\/wp\/v2\/pages\/222\/revisions"}],"predecessor-version":[{"id":223,"href":"https:\/\/buntepalette-gmbh.de\/index.php?rest_route=\/wp\/v2\/pages\/222\/revisions\/223"}],"wp:attachment":[{"href":"https:\/\/buntepalette-gmbh.de\/index.php?rest_route=%2Fwp%2Fv2%2Fmedia&parent=222"}],"curies":[{"name":"wp","href":"https:\/\/api.w.org\/{rel}","templated":true}]}}