{"id":68,"date":"2018-05-26T16:18:57","date_gmt":"2018-05-26T14:18:57","guid":{"rendered":"http:\/\/dev003.buntepalette-gmbh.de\/?page_id=68"},"modified":"2021-07-01T16:56:38","modified_gmt":"2021-07-01T14:56:38","slug":"68-2","status":"publish","type":"page","link":"https:\/\/buntepalette-gmbh.de\/","title":{"rendered":"Startseite"},"content":{"rendered":"<p>Herzlich Willkommen! Die Firma Bunte Palette GmbH wurde 1990 gegr\u00fcndet und ist aus der PGH \u201eBunte Palette\u201c hervorgegangen. Wir k\u00f6nnen auf eine inzwischen 50-j\u00e4hrige Erfahrung im Malerhandwerk zur\u00fcckgreifen. Wir sind in der Lage eine solide Handwerksarbeit bei ausgewogen <a href=\"https:\/\/buntepalette-gmbh.de\/\" title=\"Read more on Startseite\" class=\"more-link\">read more<\/a><\/p>\n","protected":false},"excerpt":{"rendered":"<p>Herzlich Willkommen! Die Firma Bunte Palette GmbH wurde 1990 gegr\u00fcndet und ist aus der PGH \u201eBunte Palette\u201c hervorgegangen. Wir k\u00f6nnen auf eine inzwischen 50-j\u00e4hrige Erfahrung im Malerhandwerk zur\u00fcckgreifen. Wir sind in der Lage eine solide Handwerksarbeit bei ausgewogen read more<\/p>\n","protected":false},"author":1,"featured_media":0,"parent":0,"menu_order":0,"comment_status":"closed","ping_status":"closed","template":"page-templates\/landing.php","meta":{"ngg_post_thumbnail":0,"footnotes":""},"class_list":["post-68","page","type-page","status-publish","hentry","no-thumb"],"_links":{"self":[{"href":"https:\/\/buntepalette-gmbh.de\/index.php?rest_route=\/wp\/v2\/pages\/68","targetHints":{"allow":["GET"]}}],"collection":[{"href":"https:\/\/buntepalette-gmbh.de\/index.php?rest_route=\/wp\/v2\/pages"}],"about":[{"href":"https:\/\/buntepalette-gmbh.de\/index.php?rest_route=\/wp\/v2\/types\/page"}],"author":[{"embeddable":true,"href":"https:\/\/buntepalette-gmbh.de\/index.php?rest_route=\/wp\/v2\/users\/1"}],"replies":[{"embeddable":true,"href":"https:\/\/buntepalette-gmbh.de\/index.php?rest_route=%2Fwp%2Fv2%2Fcomments&post=68"}],"version-history":[{"count":8,"href":"https:\/\/buntepalette-gmbh.de\/index.php?rest_route=\/wp\/v2\/pages\/68\/revisions"}],"predecessor-version":[{"id":251,"href":"https:\/\/buntepalette-gmbh.de\/index.php?rest_route=\/wp\/v2\/pages\/68\/revisions\/251"}],"wp:attachment":[{"href":"https:\/\/buntepalette-gmbh.de\/index.php?rest_route=%2Fwp%2Fv2%2Fmedia&parent=68"}],"curies":[{"name":"wp","href":"https:\/\/api.w.org\/{rel}","templated":true}]}}