{"id":92,"date":"2018-05-27T13:11:34","date_gmt":"2018-05-27T11:11:34","guid":{"rendered":"http:\/\/dev003.buntepalette-gmbh.de\/?page_id=92"},"modified":"2019-11-18T21:43:28","modified_gmt":"2019-11-18T20:43:28","slug":"betoninstandsetzung","status":"publish","type":"page","link":"https:\/\/buntepalette-gmbh.de\/?page_id=92","title":{"rendered":"Betoninstandsetzung"},"content":{"rendered":"<p>Stahlbeton ist der wichtigste Baustoff der letzten 2 Jahrhunderte. Stahlbetonbauwerke sind in der heutigen Zeit aus den Stadtbildern nicht mehr wegzudenken. Durch diesen modernen Baustoff ist eine kosteng\u00fcnstige und schnelle Bauausf\u00fchrung m\u00f6glich geworden. Fehler in der <a href=\"https:\/\/buntepalette-gmbh.de\/?page_id=92\" title=\"Read more on Betoninstandsetzung\" class=\"more-link\">read more<\/a><\/p>\n","protected":false},"excerpt":{"rendered":"<p>Stahlbeton ist der wichtigste Baustoff der letzten 2 Jahrhunderte. Stahlbetonbauwerke sind in der heutigen Zeit aus den Stadtbildern nicht mehr wegzudenken. Durch diesen modernen Baustoff ist eine kosteng\u00fcnstige und schnelle Bauausf\u00fchrung m\u00f6glich geworden. Fehler in der read more<\/p>\n","protected":false},"author":1,"featured_media":0,"parent":0,"menu_order":0,"comment_status":"closed","ping_status":"closed","template":"","meta":{"ngg_post_thumbnail":0,"footnotes":""},"class_list":["post-92","page","type-page","status-publish","hentry","no-thumb"],"_links":{"self":[{"href":"https:\/\/buntepalette-gmbh.de\/index.php?rest_route=\/wp\/v2\/pages\/92","targetHints":{"allow":["GET"]}}],"collection":[{"href":"https:\/\/buntepalette-gmbh.de\/index.php?rest_route=\/wp\/v2\/pages"}],"about":[{"href":"https:\/\/buntepalette-gmbh.de\/index.php?rest_route=\/wp\/v2\/types\/page"}],"author":[{"embeddable":true,"href":"https:\/\/buntepalette-gmbh.de\/index.php?rest_route=\/wp\/v2\/users\/1"}],"replies":[{"embeddable":true,"href":"https:\/\/buntepalette-gmbh.de\/index.php?rest_route=%2Fwp%2Fv2%2Fcomments&post=92"}],"version-history":[{"count":4,"href":"https:\/\/buntepalette-gmbh.de\/index.php?rest_route=\/wp\/v2\/pages\/92\/revisions"}],"predecessor-version":[{"id":247,"href":"https:\/\/buntepalette-gmbh.de\/index.php?rest_route=\/wp\/v2\/pages\/92\/revisions\/247"}],"wp:attachment":[{"href":"https:\/\/buntepalette-gmbh.de\/index.php?rest_route=%2Fwp%2Fv2%2Fmedia&parent=92"}],"curies":[{"name":"wp","href":"https:\/\/api.w.org\/{rel}","templated":true}]}}